{"id":16,"date":"2015-05-04T21:12:16","date_gmt":"2015-05-05T02:12:16","guid":{"rendered":"http:\/\/www.ministerioaguadevida.net\/mujeres\/?page_id=16"},"modified":"2015-05-09T21:28:43","modified_gmt":"2015-05-10T02:28:43","slug":"adoracion-y-alabanza","status":"publish","type":"page","link":"http:\/\/www.ministerioaguadevida.net\/mujeres\/?page_id=16","title":{"rendered":"Adoraci\u00f3n y Alabanza"},"content":{"rendered":"<p><strong>Amiga m\u00eda\u00a0 (Miguel Cassina)<\/strong><\/p>\n<audio class=\"wp-audio-shortcode\" id=\"audio-16-1\" preload=\"none\" style=\"width: 100%;\" controls=\"controls\"><source type=\"audio\/mpeg\" src=\"http:\/\/www.ministerioaguadevida.net\/mujeres\/wp-content\/uploads\/2015\/05\/03-Amiga-mia.mp3?_=1\" \/><a href=\"http:\/\/www.ministerioaguadevida.net\/mujeres\/wp-content\/uploads\/2015\/05\/03-Amiga-mia.mp3\">http:\/\/www.ministerioaguadevida.net\/mujeres\/wp-content\/uploads\/2015\/05\/03-Amiga-mia.mp3<\/a><\/audio>\n<p><strong>Bendito Jes\u00fas (Danilo Montero)<\/strong><\/p>\n<audio class=\"wp-audio-shortcode\" id=\"audio-16-2\" preload=\"none\" style=\"width: 100%;\" controls=\"controls\"><source type=\"audio\/mpeg\" src=\"http:\/\/www.ministerioaguadevida.net\/mujeres\/wp-content\/uploads\/2015\/05\/05-Bendito-Jesus.mp3?_=2\" \/><a href=\"http:\/\/www.ministerioaguadevida.net\/mujeres\/wp-content\/uploads\/2015\/05\/05-Bendito-Jesus.mp3\">http:\/\/www.ministerioaguadevida.net\/mujeres\/wp-content\/uploads\/2015\/05\/05-Bendito-Jesus.mp3<\/a><\/audio>\n<p><strong>Color de la sangre (Alex Campos)<\/strong><\/p>\n<audio class=\"wp-audio-shortcode\" id=\"audio-16-3\" preload=\"none\" style=\"width: 100%;\" controls=\"controls\"><source type=\"audio\/mpeg\" src=\"http:\/\/www.ministerioaguadevida.net\/mujeres\/wp-content\/uploads\/2015\/05\/01-Color-De-Sangre.mp3?_=3\" \/><a href=\"http:\/\/www.ministerioaguadevida.net\/mujeres\/wp-content\/uploads\/2015\/05\/01-Color-De-Sangre.mp3\">http:\/\/www.ministerioaguadevida.net\/mujeres\/wp-content\/uploads\/2015\/05\/01-Color-De-Sangre.mp3<\/a><\/audio>\n<p><strong>Dios de Pactos (Marcos Witt)<\/strong><\/p>\n<audio class=\"wp-audio-shortcode\" id=\"audio-16-4\" preload=\"none\" style=\"width: 100%;\" controls=\"controls\"><source type=\"audio\/mpeg\" src=\"http:\/\/www.ministerioaguadevida.net\/mujeres\/wp-content\/uploads\/2015\/05\/10-Dios-de-pactos.mp3?_=4\" \/><a href=\"http:\/\/www.ministerioaguadevida.net\/mujeres\/wp-content\/uploads\/2015\/05\/10-Dios-de-pactos.mp3\">http:\/\/www.ministerioaguadevida.net\/mujeres\/wp-content\/uploads\/2015\/05\/10-Dios-de-pactos.mp3<\/a><\/audio>\n<p><strong>Desciende aqu\u00ed (Marcos Witt)<\/strong><\/p>\n<audio class=\"wp-audio-shortcode\" id=\"audio-16-5\" preload=\"none\" style=\"width: 100%;\" controls=\"controls\"><source type=\"audio\/mpeg\" src=\"http:\/\/www.ministerioaguadevida.net\/mujeres\/wp-content\/uploads\/2015\/05\/02-desciende-aqu\u00ed.mp3?_=5\" \/><a href=\"http:\/\/www.ministerioaguadevida.net\/mujeres\/wp-content\/uploads\/2015\/05\/02-desciende-aqu\u00ed.mp3\">http:\/\/www.ministerioaguadevida.net\/mujeres\/wp-content\/uploads\/2015\/05\/02-desciende-aqu\u00ed.mp3<\/a><\/audio>\n<p><strong>Dejame (Blest y Ricardo Montaner)<\/strong><\/p>\n<audio class=\"wp-audio-shortcode\" id=\"audio-16-6\" preload=\"none\" style=\"width: 100%;\" controls=\"controls\"><source type=\"audio\/mpeg\" src=\"http:\/\/www.ministerioaguadevida.net\/mujeres\/wp-content\/uploads\/2015\/05\/01-Blest-con-Ricardo-Montaner-Dejame.mp3?_=6\" \/><a href=\"http:\/\/www.ministerioaguadevida.net\/mujeres\/wp-content\/uploads\/2015\/05\/01-Blest-con-Ricardo-Montaner-Dejame.mp3\">http:\/\/www.ministerioaguadevida.net\/mujeres\/wp-content\/uploads\/2015\/05\/01-Blest-con-Ricardo-Montaner-Dejame.mp3<\/a><\/audio>\n<p><strong>Mientras tenga vida (Luis Campos)<\/strong><\/p>\n<audio class=\"wp-audio-shortcode\" id=\"audio-16-7\" preload=\"none\" style=\"width: 100%;\" controls=\"controls\"><source type=\"audio\/mpeg\" src=\"http:\/\/www.ministerioaguadevida.net\/mujeres\/wp-content\/uploads\/2015\/05\/01-Mientras-Tenga-Vida.mp3?_=7\" \/><a href=\"http:\/\/www.ministerioaguadevida.net\/mujeres\/wp-content\/uploads\/2015\/05\/01-Mientras-Tenga-Vida.mp3\">http:\/\/www.ministerioaguadevida.net\/mujeres\/wp-content\/uploads\/2015\/05\/01-Mientras-Tenga-Vida.mp3<\/a><\/audio>\n<p><strong>Env\u00edame a M\u00ed\u00a0 (Jes\u00fas Adri\u00e1n Romero)<\/strong><\/p>\n<audio class=\"wp-audio-shortcode\" id=\"audio-16-8\" preload=\"none\" style=\"width: 100%;\" controls=\"controls\"><source type=\"audio\/mpeg\" src=\"http:\/\/www.ministerioaguadevida.net\/mujeres\/wp-content\/uploads\/2015\/05\/Jesus-Adrian-Romero-Enviame-a-Mi.mp3?_=8\" \/><a href=\"http:\/\/www.ministerioaguadevida.net\/mujeres\/wp-content\/uploads\/2015\/05\/Jesus-Adrian-Romero-Enviame-a-Mi.mp3\">http:\/\/www.ministerioaguadevida.net\/mujeres\/wp-content\/uploads\/2015\/05\/Jesus-Adrian-Romero-Enviame-a-Mi.mp3<\/a><\/audio>\n<p><strong>Amigo (Juan Carlos Alvarado)<\/strong><\/p>\n<audio class=\"wp-audio-shortcode\" id=\"audio-16-9\" preload=\"none\" style=\"width: 100%;\" controls=\"controls\"><source type=\"audio\/mpeg\" src=\"http:\/\/www.ministerioaguadevida.net\/mujeres\/wp-content\/uploads\/2015\/05\/05-amigo.mp3?_=9\" \/><a href=\"http:\/\/www.ministerioaguadevida.net\/mujeres\/wp-content\/uploads\/2015\/05\/05-amigo.mp3\">http:\/\/www.ministerioaguadevida.net\/mujeres\/wp-content\/uploads\/2015\/05\/05-amigo.mp3<\/a><\/audio>\n<p><strong>Padre en t\u00ed (Danilo Montero)<\/strong><\/p>\n<audio class=\"wp-audio-shortcode\" id=\"audio-16-10\" preload=\"none\" style=\"width: 100%;\" controls=\"controls\"><source type=\"audio\/mpeg\" src=\"http:\/\/www.ministerioaguadevida.net\/mujeres\/wp-content\/uploads\/2015\/05\/08-Padre-en-ti-reprise.mp3?_=10\" \/><a href=\"http:\/\/www.ministerioaguadevida.net\/mujeres\/wp-content\/uploads\/2015\/05\/08-Padre-en-ti-reprise.mp3\">http:\/\/www.ministerioaguadevida.net\/mujeres\/wp-content\/uploads\/2015\/05\/08-Padre-en-ti-reprise.mp3<\/a><\/audio>\n<p><strong>Tomame entre tus brazos (David Scarpeta)<\/strong><\/p>\n<audio class=\"wp-audio-shortcode\" id=\"audio-16-11\" preload=\"none\" style=\"width: 100%;\" controls=\"controls\"><source type=\"audio\/mpeg\" src=\"http:\/\/www.ministerioaguadevida.net\/mujeres\/wp-content\/uploads\/2015\/05\/david-scarpeta-tomame-entre-tus-brazos32242.mp3?_=11\" \/><a href=\"http:\/\/www.ministerioaguadevida.net\/mujeres\/wp-content\/uploads\/2015\/05\/david-scarpeta-tomame-entre-tus-brazos32242.mp3\">http:\/\/www.ministerioaguadevida.net\/mujeres\/wp-content\/uploads\/2015\/05\/david-scarpeta-tomame-entre-tus-brazos32242.mp3<\/a><\/audio>\n<p><strong>Algo grande vendr\u00e1 (Jos\u00e9 Luis Reyes)<\/strong><\/p>\n<audio class=\"wp-audio-shortcode\" id=\"audio-16-12\" preload=\"none\" style=\"width: 100%;\" controls=\"controls\"><source type=\"audio\/mpeg\" src=\"http:\/\/www.ministerioaguadevida.net\/mujeres\/wp-content\/uploads\/2015\/05\/jose-luis-reyes-algo-grande-vendra.mp3?_=12\" \/><a href=\"http:\/\/www.ministerioaguadevida.net\/mujeres\/wp-content\/uploads\/2015\/05\/jose-luis-reyes-algo-grande-vendra.mp3\">http:\/\/www.ministerioaguadevida.net\/mujeres\/wp-content\/uploads\/2015\/05\/jose-luis-reyes-algo-grande-vendra.mp3<\/a><\/audio>\n<p><strong>Ven te necesito (Lilly Goodman)<\/strong><\/p>\n<audio class=\"wp-audio-shortcode\" id=\"audio-16-13\" preload=\"none\" style=\"width: 100%;\" controls=\"controls\"><source type=\"audio\/mpeg\" src=\"http:\/\/www.ministerioaguadevida.net\/mujeres\/wp-content\/uploads\/2015\/05\/lilly-goodman-vuelve-a-casa-ven-te-necesito.mp3?_=13\" \/><a href=\"http:\/\/www.ministerioaguadevida.net\/mujeres\/wp-content\/uploads\/2015\/05\/lilly-goodman-vuelve-a-casa-ven-te-necesito.mp3\">http:\/\/www.ministerioaguadevida.net\/mujeres\/wp-content\/uploads\/2015\/05\/lilly-goodman-vuelve-a-casa-ven-te-necesito.mp3<\/a><\/audio>\n<p>&nbsp;<\/p>\n<p>&nbsp;<\/p>\n<p>&nbsp;<\/p>\n<p>&nbsp;<\/p>\n<p>&nbsp;<\/p>\n<p>&nbsp;<\/p>\n<p>&nbsp;<\/p>\n","protected":false},"excerpt":{"rendered":"<p>Amiga m\u00eda\u00a0 (Miguel Cassina) Bendito Jes\u00fas (Danilo Montero) Color de la sangre (Alex Campos) Dios de Pactos (Marcos Witt) Desciende aqu\u00ed (Marcos Witt) Dejame (Blest y Ricardo Montaner) Mientras tenga vida (Luis Campos) Env\u00edame a M\u00ed\u00a0 (Jes\u00fas Adri\u00e1n Romero) Amigo (Juan Carlos Alvarado) Padre en t\u00ed (Danilo Montero) Tomame entre tus brazos (David Scarpeta) Algo [&hellip;]<\/p>\n","protected":false},"author":1,"featured_media":0,"parent":0,"menu_order":0,"comment_status":"open","ping_status":"open","template":"","meta":{"footnotes":""},"class_list":["post-16","page","type-page","status-publish","hentry"],"_links":{"self":[{"href":"http:\/\/www.ministerioaguadevida.net\/mujeres\/index.php?rest_route=\/wp\/v2\/pages\/16","targetHints":{"allow":["GET"]}}],"collection":[{"href":"http:\/\/www.ministerioaguadevida.net\/mujeres\/index.php?rest_route=\/wp\/v2\/pages"}],"about":[{"href":"http:\/\/www.ministerioaguadevida.net\/mujeres\/index.php?rest_route=\/wp\/v2\/types\/page"}],"author":[{"embeddable":true,"href":"http:\/\/www.ministerioaguadevida.net\/mujeres\/index.php?rest_route=\/wp\/v2\/users\/1"}],"replies":[{"embeddable":true,"href":"http:\/\/www.ministerioaguadevida.net\/mujeres\/index.php?rest_route=%2Fwp%2Fv2%2Fcomments&post=16"}],"version-history":[{"count":13,"href":"http:\/\/www.ministerioaguadevida.net\/mujeres\/index.php?rest_route=\/wp\/v2\/pages\/16\/revisions"}],"predecessor-version":[{"id":94,"href":"http:\/\/www.ministerioaguadevida.net\/mujeres\/index.php?rest_route=\/wp\/v2\/pages\/16\/revisions\/94"}],"wp:attachment":[{"href":"http:\/\/www.ministerioaguadevida.net\/mujeres\/index.php?rest_route=%2Fwp%2Fv2%2Fmedia&parent=16"}],"curies":[{"name":"wp","href":"https:\/\/api.w.org\/{rel}","templated":true}]}}