{"id":12,"date":"2015-05-04T21:05:09","date_gmt":"2015-05-05T02:05:09","guid":{"rendered":"http:\/\/www.ministerioaguadevida.net\/mujeres\/?page_id=12"},"modified":"2015-05-11T20:15:13","modified_gmt":"2015-05-12T01:15:13","slug":"quienes-somos","status":"publish","type":"page","link":"http:\/\/www.ministerioaguadevida.net\/mujeres\/?page_id=12","title":{"rendered":"\u00bfQui\u00e9nes somos?"},"content":{"rendered":"<div>El Ministerio\u00a0Agua\u00a0de\u00a0Vida\u00a0proclama el mensaje de salvaci\u00f3n y\u00a0vida\u00a0abundante en Jesucristo a trav\u00e9s de la evangelizaci\u00f3n, la plantaci\u00f3n de iglesias,\u00a0\u00a0el discipulado,\u00a0\u00a0la formaci\u00f3n de liderazgo y la creaci\u00f3n y administraci\u00f3n de instituciones ben\u00e9ficas y educativas.<\/div>\n<p>Buscamos presentar el mensaje de Dios a trav\u00e9s de su palabra, su presencia y la demostraci\u00f3n del poder del Esp\u00edritu Santo mediante:<\/p>\n<p>\u2022 Un equipo capacitado en evangelismo personal y masivo<\/p>\n<p>\u2022 Un equipo capacitado en la creaci\u00f3n y administraci\u00f3n de instituciones que generen un impacto positivo\u00a0\u00a0en la sociedad<\/p>\n<p>\u2022 Un ministerio musical id\u00f3neo, apto para ministrar la presencia de Dios en diferentes lugares.<\/p>\n<p>\u2022 Medios de comunicaci\u00f3n masivos tales como Internet, radio y televisi\u00f3n.<\/p>\n","protected":false},"excerpt":{"rendered":"<p>El Ministerio\u00a0Agua\u00a0de\u00a0Vida\u00a0proclama el mensaje de salvaci\u00f3n y\u00a0vida\u00a0abundante en Jesucristo a trav\u00e9s de la evangelizaci\u00f3n, la plantaci\u00f3n de iglesias,\u00a0\u00a0el discipulado,\u00a0\u00a0la formaci\u00f3n de liderazgo y la creaci\u00f3n y administraci\u00f3n de instituciones ben\u00e9ficas y educativas. Buscamos presentar el mensaje de Dios a trav\u00e9s de su palabra, su presencia y la demostraci\u00f3n del poder del Esp\u00edritu Santo mediante: \u2022 [&hellip;]<\/p>\n","protected":false},"author":1,"featured_media":0,"parent":0,"menu_order":0,"comment_status":"open","ping_status":"open","template":"","meta":{"footnotes":""},"class_list":["post-12","page","type-page","status-publish","hentry"],"_links":{"self":[{"href":"http:\/\/www.ministerioaguadevida.net\/mujeres\/index.php?rest_route=\/wp\/v2\/pages\/12","targetHints":{"allow":["GET"]}}],"collection":[{"href":"http:\/\/www.ministerioaguadevida.net\/mujeres\/index.php?rest_route=\/wp\/v2\/pages"}],"about":[{"href":"http:\/\/www.ministerioaguadevida.net\/mujeres\/index.php?rest_route=\/wp\/v2\/types\/page"}],"author":[{"embeddable":true,"href":"http:\/\/www.ministerioaguadevida.net\/mujeres\/index.php?rest_route=\/wp\/v2\/users\/1"}],"replies":[{"embeddable":true,"href":"http:\/\/www.ministerioaguadevida.net\/mujeres\/index.php?rest_route=%2Fwp%2Fv2%2Fcomments&post=12"}],"version-history":[{"count":2,"href":"http:\/\/www.ministerioaguadevida.net\/mujeres\/index.php?rest_route=\/wp\/v2\/pages\/12\/revisions"}],"predecessor-version":[{"id":116,"href":"http:\/\/www.ministerioaguadevida.net\/mujeres\/index.php?rest_route=\/wp\/v2\/pages\/12\/revisions\/116"}],"wp:attachment":[{"href":"http:\/\/www.ministerioaguadevida.net\/mujeres\/index.php?rest_route=%2Fwp%2Fv2%2Fmedia&parent=12"}],"curies":[{"name":"wp","href":"https:\/\/api.w.org\/{rel}","templated":true}]}}